{"id":2175,"date":"2016-11-02T09:53:11","date_gmt":"2016-11-02T08:53:11","guid":{"rendered":"http:\/\/xn--nrnberg-tonstudio-22b.de\/?page_id=606"},"modified":"2021-01-20T14:00:14","modified_gmt":"2021-01-20T14:00:14","slug":"studiobau","status":"publish","type":"page","link":"https:\/\/www.online-mixing.de\/en\/studiobau\/","title":{"rendered":"Studiobau"},"content":{"rendered":"[vc_row column_spacing=&#8221;0px&#8221;][vc_column][rev_slider_vc alias=&#8221;akustik&#8221;][\/vc_column][\/vc_row][vc_row full_width=&#8221;stretch_row&#8221;][vc_column][vc_empty_space height=&#8221;40px&#8221;][vc_column_text]\n<h2 style=\"text-align: center;\"><span style=\"color: #000000;\">STUDIO CONSTRUCTION<\/span><\/h2>\n[\/vc_column_text][vc_empty_space height=&#8221;10px&#8221;][vc_separator color=&#8221;custom&#8221; border_width=&#8221;5&#8243; el_width=&#8221;10&#8243; accent_color=&#8221;#f49e00&#8243;][vc_empty_space height=&#8221;30px&#8221;][vc_column_text]In studio acoustics the room measurements are used to define the specific problem frequencies (room modes) of the room. Then it&#8217;s common to try to control those frequencies. It&#8217;s simple: the smaller the room the more problems. The bigger the room the better.<\/p>\n<p>My philosophy was: &#8220;why solve problems if you can avoid them?&#8221;<\/p>\n<p>Thats why the studio was build so huge that there are no room modes over 30 Hz.<\/p>\n<p>Some pictures\u00a0of the construction process:[\/vc_column_text][vc_empty_space height=&#8221;30px&#8221;][vc_empty_space height=&#8221;40px&#8221;][\/vc_column][\/vc_row][vc_row full_width=&#8221;stretch_row_content&#8221;][vc_column]<div class=\"vcex-image-grid-wrap wpex-clr\"><div class=\"vcex-module vcex-image-grid wpex-clr grid-style-default wpex-row wpex-lightbox-group\"><div class=\"id-2598 vcex-image-grid-entry vcex-grid-item textcenter span_1_of_6 col col-1\"><figure class=\"vcex-image-grid-entry-figure wpex-last-mb-0 wpex-clr\"><div class=\"vcex-image-grid-entry-img entry-media wpex-image-hover opacity wpex-mb-20\"><a href=\"https:\/\/www.online-mixing.de\/wp-content\/uploads\/20150306_100224-Copy-1400x788.jpg\" class=\"vcex-image-grid-entry-img wpex-lightbox-group-item\" ><img loading=\"lazy\" decoding=\"async\" loading=\"lazy\" class=\"wpex-align-middle\" src=\"https:\/\/www.online-mixing.de\/wp-content\/uploads\/20150306_100224-Copy.jpg\" alt=\"\" width=\"1920\" height=\"1080\" \/><\/a><\/div><\/figure><\/div><div class=\"id-2600 vcex-image-grid-entry vcex-grid-item textcenter span_1_of_6 col col-2\"><figure class=\"vcex-image-grid-entry-figure wpex-last-mb-0 wpex-clr\"><div class=\"vcex-image-grid-entry-img entry-media wpex-image-hover opacity wpex-mb-20\"><a href=\"https:\/\/www.online-mixing.de\/wp-content\/uploads\/20150306_101247-Copy-1400x788.jpg\" class=\"vcex-image-grid-entry-img wpex-lightbox-group-item\" ><img loading=\"lazy\" decoding=\"async\" loading=\"lazy\" class=\"wpex-align-middle\" src=\"https:\/\/www.online-mixing.de\/wp-content\/uploads\/20150306_101247-Copy.jpg\" alt=\"\" width=\"1920\" height=\"1080\" \/><\/a><\/div><\/figure><\/div><div class=\"id-2601 vcex-image-grid-entry vcex-grid-item textcenter span_1_of_6 col col-3\"><figure class=\"vcex-image-grid-entry-figure wpex-last-mb-0 wpex-clr\"><div class=\"vcex-image-grid-entry-img entry-media wpex-image-hover opacity wpex-mb-20\"><a href=\"https:\/\/www.online-mixing.de\/wp-content\/uploads\/20150306_101255-Copy-1400x788.jpg\" class=\"vcex-image-grid-entry-img wpex-lightbox-group-item\" ><img loading=\"lazy\" decoding=\"async\" loading=\"lazy\" class=\"wpex-align-middle\" src=\"https:\/\/www.online-mixing.de\/wp-content\/uploads\/20150306_101255-Copy.jpg\" alt=\"\" width=\"1920\" height=\"1080\" \/><\/a><\/div><\/figure><\/div><div class=\"id-2602 vcex-image-grid-entry vcex-grid-item textcenter span_1_of_6 col col-4\"><figure class=\"vcex-image-grid-entry-figure wpex-last-mb-0 wpex-clr\"><div class=\"vcex-image-grid-entry-img entry-media wpex-image-hover opacity wpex-mb-20\"><a href=\"https:\/\/www.online-mixing.de\/wp-content\/uploads\/20150306_101501-Copy-1400x788.jpg\" class=\"vcex-image-grid-entry-img wpex-lightbox-group-item\" ><img loading=\"lazy\" decoding=\"async\" loading=\"lazy\" class=\"wpex-align-middle\" src=\"https:\/\/www.online-mixing.de\/wp-content\/uploads\/20150306_101501-Copy.jpg\" alt=\"\" width=\"1920\" height=\"1080\" \/><\/a><\/div><\/figure><\/div><div class=\"id-2603 vcex-image-grid-entry vcex-grid-item textcenter span_1_of_6 col col-5\"><figure class=\"vcex-image-grid-entry-figure wpex-last-mb-0 wpex-clr\"><div class=\"vcex-image-grid-entry-img entry-media wpex-image-hover opacity wpex-mb-20\"><a href=\"https:\/\/www.online-mixing.de\/wp-content\/uploads\/20150306_101503-Copy-1400x788.jpg\" class=\"vcex-image-grid-entry-img wpex-lightbox-group-item\" ><img loading=\"lazy\" decoding=\"async\" loading=\"lazy\" class=\"wpex-align-middle\" src=\"https:\/\/www.online-mixing.de\/wp-content\/uploads\/20150306_101503-Copy.jpg\" alt=\"\" width=\"1920\" height=\"1080\" \/><\/a><\/div><\/figure><\/div><div class=\"id-2604 vcex-image-grid-entry vcex-grid-item textcenter span_1_of_6 col col-6\"><figure class=\"vcex-image-grid-entry-figure wpex-last-mb-0 wpex-clr\"><div class=\"vcex-image-grid-entry-img entry-media wpex-image-hover opacity wpex-mb-20\"><a href=\"https:\/\/www.online-mixing.de\/wp-content\/uploads\/20150306_101935-Copy-1400x788.jpg\" class=\"vcex-image-grid-entry-img wpex-lightbox-group-item\" ><img loading=\"lazy\" decoding=\"async\" loading=\"lazy\" class=\"wpex-align-middle\" src=\"https:\/\/www.online-mixing.de\/wp-content\/uploads\/20150306_101935-Copy.jpg\" alt=\"\" width=\"1920\" height=\"1080\" \/><\/a><\/div><\/figure><\/div><div class=\"id-2608 vcex-image-grid-entry vcex-grid-item textcenter span_1_of_6 col col-1\"><figure class=\"vcex-image-grid-entry-figure wpex-last-mb-0 wpex-clr\"><div class=\"vcex-image-grid-entry-img entry-media wpex-image-hover opacity wpex-mb-20\"><a href=\"https:\/\/www.online-mixing.de\/wp-content\/uploads\/20150306_110937-Copy-1400x788.jpg\" class=\"vcex-image-grid-entry-img wpex-lightbox-group-item\" ><img loading=\"lazy\" decoding=\"async\" loading=\"lazy\" class=\"wpex-align-middle\" src=\"https:\/\/www.online-mixing.de\/wp-content\/uploads\/20150306_110937-Copy.jpg\" alt=\"\" width=\"1920\" height=\"1080\" \/><\/a><\/div><\/figure><\/div><div class=\"id-2609 vcex-image-grid-entry vcex-grid-item textcenter span_1_of_6 col col-2\"><figure class=\"vcex-image-grid-entry-figure wpex-last-mb-0 wpex-clr\"><div class=\"vcex-image-grid-entry-img entry-media wpex-image-hover opacity wpex-mb-20\"><a href=\"https:\/\/www.online-mixing.de\/wp-content\/uploads\/20150311_103038-Copy-1400x788.jpg\" class=\"vcex-image-grid-entry-img wpex-lightbox-group-item\" ><img loading=\"lazy\" decoding=\"async\" loading=\"lazy\" class=\"wpex-align-middle\" src=\"https:\/\/www.online-mixing.de\/wp-content\/uploads\/20150311_103038-Copy.jpg\" alt=\"\" width=\"1920\" height=\"1080\" \/><\/a><\/div><\/figure><\/div><div class=\"id-2610 vcex-image-grid-entry vcex-grid-item textcenter span_1_of_6 col col-3\"><figure class=\"vcex-image-grid-entry-figure wpex-last-mb-0 wpex-clr\"><div class=\"vcex-image-grid-entry-img entry-media wpex-image-hover opacity wpex-mb-20\"><a href=\"https:\/\/www.online-mixing.de\/wp-content\/uploads\/20150311_103057-Copy-1400x788.jpg\" class=\"vcex-image-grid-entry-img wpex-lightbox-group-item\" ><img loading=\"lazy\" decoding=\"async\" loading=\"lazy\" class=\"wpex-align-middle\" src=\"https:\/\/www.online-mixing.de\/wp-content\/uploads\/20150311_103057-Copy.jpg\" alt=\"\" width=\"1920\" height=\"1080\" \/><\/a><\/div><\/figure><\/div><div class=\"id-2611 vcex-image-grid-entry vcex-grid-item textcenter span_1_of_6 col col-4\"><figure class=\"vcex-image-grid-entry-figure wpex-last-mb-0 wpex-clr\"><div class=\"vcex-image-grid-entry-img entry-media wpex-image-hover opacity wpex-mb-20\"><a href=\"https:\/\/www.online-mixing.de\/wp-content\/uploads\/20150311_103118-Copy-1400x788.jpg\" class=\"vcex-image-grid-entry-img wpex-lightbox-group-item\" ><img loading=\"lazy\" decoding=\"async\" loading=\"lazy\" class=\"wpex-align-middle\" src=\"https:\/\/www.online-mixing.de\/wp-content\/uploads\/20150311_103118-Copy.jpg\" alt=\"\" width=\"1920\" height=\"1080\" \/><\/a><\/div><\/figure><\/div><div class=\"id-2612 vcex-image-grid-entry vcex-grid-item textcenter span_1_of_6 col col-5\"><figure class=\"vcex-image-grid-entry-figure wpex-last-mb-0 wpex-clr\"><div class=\"vcex-image-grid-entry-img entry-media wpex-image-hover opacity wpex-mb-20\"><a href=\"https:\/\/www.online-mixing.de\/wp-content\/uploads\/20150311_103128-Copy-1400x788.jpg\" class=\"vcex-image-grid-entry-img wpex-lightbox-group-item\" ><img loading=\"lazy\" decoding=\"async\" loading=\"lazy\" class=\"wpex-align-middle\" src=\"https:\/\/www.online-mixing.de\/wp-content\/uploads\/20150311_103128-Copy.jpg\" alt=\"\" width=\"1920\" height=\"1080\" \/><\/a><\/div><\/figure><\/div><div class=\"id-2616 vcex-image-grid-entry vcex-grid-item textcenter span_1_of_6 col col-6\"><figure class=\"vcex-image-grid-entry-figure wpex-last-mb-0 wpex-clr\"><div class=\"vcex-image-grid-entry-img entry-media wpex-image-hover opacity wpex-mb-20\"><a href=\"https:\/\/www.online-mixing.de\/wp-content\/uploads\/20150311_152141-Copy-1400x788.jpg\" class=\"vcex-image-grid-entry-img wpex-lightbox-group-item\" ><img loading=\"lazy\" decoding=\"async\" loading=\"lazy\" class=\"wpex-align-middle\" src=\"https:\/\/www.online-mixing.de\/wp-content\/uploads\/20150311_152141-Copy.jpg\" alt=\"\" width=\"1920\" height=\"1080\" \/><\/a><\/div><\/figure><\/div><div class=\"id-2618 vcex-image-grid-entry vcex-grid-item textcenter span_1_of_6 col col-1\"><figure class=\"vcex-image-grid-entry-figure wpex-last-mb-0 wpex-clr\"><div class=\"vcex-image-grid-entry-img entry-media wpex-image-hover opacity wpex-mb-20\"><a href=\"https:\/\/www.online-mixing.de\/wp-content\/uploads\/20150311_152209-Copy-1400x788.jpg\" class=\"vcex-image-grid-entry-img wpex-lightbox-group-item\" ><img loading=\"lazy\" decoding=\"async\" loading=\"lazy\" class=\"wpex-align-middle\" src=\"https:\/\/www.online-mixing.de\/wp-content\/uploads\/20150311_152209-Copy.jpg\" alt=\"\" width=\"1920\" height=\"1080\" \/><\/a><\/div><\/figure><\/div><div class=\"id-2619 vcex-image-grid-entry vcex-grid-item textcenter span_1_of_6 col col-2\"><figure class=\"vcex-image-grid-entry-figure wpex-last-mb-0 wpex-clr\"><div class=\"vcex-image-grid-entry-img entry-media wpex-image-hover opacity wpex-mb-20\"><a href=\"https:\/\/www.online-mixing.de\/wp-content\/uploads\/20150319_102740-Copy-1400x788.jpg\" class=\"vcex-image-grid-entry-img wpex-lightbox-group-item\" ><img loading=\"lazy\" decoding=\"async\" loading=\"lazy\" class=\"wpex-align-middle\" src=\"https:\/\/www.online-mixing.de\/wp-content\/uploads\/20150319_102740-Copy.jpg\" alt=\"\" width=\"1920\" height=\"1080\" \/><\/a><\/div><\/figure><\/div><div class=\"id-2620 vcex-image-grid-entry vcex-grid-item textcenter span_1_of_6 col col-3\"><figure class=\"vcex-image-grid-entry-figure wpex-last-mb-0 wpex-clr\"><div class=\"vcex-image-grid-entry-img entry-media wpex-image-hover opacity wpex-mb-20\"><a href=\"https:\/\/www.online-mixing.de\/wp-content\/uploads\/20150319_102847-Copy-1400x788.jpg\" class=\"vcex-image-grid-entry-img wpex-lightbox-group-item\" ><img loading=\"lazy\" decoding=\"async\" loading=\"lazy\" class=\"wpex-align-middle\" src=\"https:\/\/www.online-mixing.de\/wp-content\/uploads\/20150319_102847-Copy.jpg\" alt=\"\" width=\"1920\" height=\"1080\" \/><\/a><\/div><\/figure><\/div><div class=\"id-2622 vcex-image-grid-entry vcex-grid-item textcenter span_1_of_6 col col-4\"><figure class=\"vcex-image-grid-entry-figure wpex-last-mb-0 wpex-clr\"><div class=\"vcex-image-grid-entry-img entry-media wpex-image-hover opacity wpex-mb-20\"><a href=\"https:\/\/www.online-mixing.de\/wp-content\/uploads\/20150319_102902-Copy-1400x788.jpg\" class=\"vcex-image-grid-entry-img wpex-lightbox-group-item\" ><img loading=\"lazy\" decoding=\"async\" loading=\"lazy\" class=\"wpex-align-middle\" src=\"https:\/\/www.online-mixing.de\/wp-content\/uploads\/20150319_102902-Copy.jpg\" alt=\"\" width=\"1920\" height=\"1080\" \/><\/a><\/div><\/figure><\/div><div class=\"id-2623 vcex-image-grid-entry vcex-grid-item textcenter span_1_of_6 col col-5\"><figure class=\"vcex-image-grid-entry-figure wpex-last-mb-0 wpex-clr\"><div class=\"vcex-image-grid-entry-img entry-media wpex-image-hover opacity wpex-mb-20\"><a href=\"https:\/\/www.online-mixing.de\/wp-content\/uploads\/20150319_103145-Copy-1400x788.jpg\" class=\"vcex-image-grid-entry-img wpex-lightbox-group-item\" ><img loading=\"lazy\" decoding=\"async\" loading=\"lazy\" class=\"wpex-align-middle\" src=\"https:\/\/www.online-mixing.de\/wp-content\/uploads\/20150319_103145-Copy.jpg\" alt=\"\" width=\"1920\" height=\"1080\" \/><\/a><\/div><\/figure><\/div><div class=\"id-2625 vcex-image-grid-entry vcex-grid-item textcenter span_1_of_6 col col-6\"><figure class=\"vcex-image-grid-entry-figure wpex-last-mb-0 wpex-clr\"><div class=\"vcex-image-grid-entry-img entry-media wpex-image-hover opacity wpex-mb-20\"><a href=\"https:\/\/www.online-mixing.de\/wp-content\/uploads\/20150319_103157-Copy-1400x788.jpg\" class=\"vcex-image-grid-entry-img wpex-lightbox-group-item\" ><img loading=\"lazy\" decoding=\"async\" loading=\"lazy\" class=\"wpex-align-middle\" src=\"https:\/\/www.online-mixing.de\/wp-content\/uploads\/20150319_103157-Copy.jpg\" alt=\"\" width=\"1920\" height=\"1080\" \/><\/a><\/div><\/figure><\/div><div class=\"id-2626 vcex-image-grid-entry vcex-grid-item textcenter span_1_of_6 col col-1\"><figure class=\"vcex-image-grid-entry-figure wpex-last-mb-0 wpex-clr\"><div class=\"vcex-image-grid-entry-img entry-media wpex-image-hover opacity wpex-mb-20\"><a href=\"https:\/\/www.online-mixing.de\/wp-content\/uploads\/20150319_103206-Copy-1400x788.jpg\" class=\"vcex-image-grid-entry-img wpex-lightbox-group-item\" ><img loading=\"lazy\" decoding=\"async\" loading=\"lazy\" class=\"wpex-align-middle\" src=\"https:\/\/www.online-mixing.de\/wp-content\/uploads\/20150319_103206-Copy.jpg\" alt=\"\" width=\"1920\" height=\"1080\" \/><\/a><\/div><\/figure><\/div><div class=\"id-2628 vcex-image-grid-entry vcex-grid-item textcenter span_1_of_6 col col-2\"><figure class=\"vcex-image-grid-entry-figure wpex-last-mb-0 wpex-clr\"><div class=\"vcex-image-grid-entry-img entry-media wpex-image-hover opacity wpex-mb-20\"><a href=\"https:\/\/www.online-mixing.de\/wp-content\/uploads\/20150319_103309-Copy-1400x788.jpg\" class=\"vcex-image-grid-entry-img wpex-lightbox-group-item\" ><img loading=\"lazy\" decoding=\"async\" loading=\"lazy\" class=\"wpex-align-middle\" src=\"https:\/\/www.online-mixing.de\/wp-content\/uploads\/20150319_103309-Copy.jpg\" alt=\"\" width=\"1920\" height=\"1080\" \/><\/a><\/div><\/figure><\/div><div class=\"id-2631 vcex-image-grid-entry vcex-grid-item textcenter span_1_of_6 col col-3\"><figure class=\"vcex-image-grid-entry-figure wpex-last-mb-0 wpex-clr\"><div class=\"vcex-image-grid-entry-img entry-media wpex-image-hover opacity wpex-mb-20\"><a href=\"https:\/\/www.online-mixing.de\/wp-content\/uploads\/20150319_112918-Copy-1400x788.jpg\" class=\"vcex-image-grid-entry-img wpex-lightbox-group-item\" ><img loading=\"lazy\" decoding=\"async\" loading=\"lazy\" class=\"wpex-align-middle\" src=\"https:\/\/www.online-mixing.de\/wp-content\/uploads\/20150319_112918-Copy.jpg\" alt=\"\" width=\"1920\" height=\"1080\" \/><\/a><\/div><\/figure><\/div><div class=\"id-2633 vcex-image-grid-entry vcex-grid-item textcenter span_1_of_6 col col-4\"><figure class=\"vcex-image-grid-entry-figure wpex-last-mb-0 wpex-clr\"><div class=\"vcex-image-grid-entry-img entry-media wpex-image-hover opacity wpex-mb-20\"><a href=\"https:\/\/www.online-mixing.de\/wp-content\/uploads\/20150319_161545-Copy-1400x788.jpg\" class=\"vcex-image-grid-entry-img wpex-lightbox-group-item\" ><img loading=\"lazy\" decoding=\"async\" loading=\"lazy\" class=\"wpex-align-middle\" src=\"https:\/\/www.online-mixing.de\/wp-content\/uploads\/20150319_161545-Copy.jpg\" alt=\"\" width=\"1920\" height=\"1080\" \/><\/a><\/div><\/figure><\/div><div class=\"id-2634 vcex-image-grid-entry vcex-grid-item textcenter span_1_of_6 col col-5\"><figure class=\"vcex-image-grid-entry-figure wpex-last-mb-0 wpex-clr\"><div class=\"vcex-image-grid-entry-img entry-media wpex-image-hover opacity wpex-mb-20\"><a href=\"https:\/\/www.online-mixing.de\/wp-content\/uploads\/20150319_161623-Copy-1400x788.jpg\" class=\"vcex-image-grid-entry-img wpex-lightbox-group-item\" ><img loading=\"lazy\" decoding=\"async\" loading=\"lazy\" class=\"wpex-align-middle\" src=\"https:\/\/www.online-mixing.de\/wp-content\/uploads\/20150319_161623-Copy.jpg\" alt=\"\" width=\"1920\" height=\"1080\" \/><\/a><\/div><\/figure><\/div><div class=\"id-2638 vcex-image-grid-entry vcex-grid-item textcenter span_1_of_6 col col-6\"><figure class=\"vcex-image-grid-entry-figure wpex-last-mb-0 wpex-clr\"><div class=\"vcex-image-grid-entry-img entry-media wpex-image-hover opacity wpex-mb-20\"><a href=\"https:\/\/www.online-mixing.de\/wp-content\/uploads\/20150319_161649-Copy-1400x788.jpg\" class=\"vcex-image-grid-entry-img wpex-lightbox-group-item\" ><img loading=\"lazy\" decoding=\"async\" loading=\"lazy\" class=\"wpex-align-middle\" src=\"https:\/\/www.online-mixing.de\/wp-content\/uploads\/20150319_161649-Copy.jpg\" alt=\"\" width=\"1920\" height=\"1080\" \/><\/a><\/div><\/figure><\/div><\/div><div class=\"wpex-pagination wpex-clear wpex-mt-30 wpex-clr\"><ul class='page-numbers'>\n\t<li><span aria-current=\"page\" class=\"page-numbers current\"><span class=\"screen-reader-text\">Page <\/span>1<\/span><\/li>\n\t<li><a class=\"page-numbers\" href=\"https:\/\/www.online-mixing.de\/en\/wp-json\/wp\/v2\/pages\/2175\/page\/2\/\"><span class=\"screen-reader-text\">Page <\/span>2<\/a><\/li>\n\t<li><a class=\"page-numbers\" href=\"https:\/\/www.online-mixing.de\/en\/wp-json\/wp\/v2\/pages\/2175\/page\/3\/\"><span class=\"screen-reader-text\">Page <\/span>3<\/a><\/li>\n\t<li><a class=\"page-numbers\" href=\"https:\/\/www.online-mixing.de\/en\/wp-json\/wp\/v2\/pages\/2175\/page\/4\/\"><span class=\"screen-reader-text\">Page <\/span>4<\/a><\/li>\n\t<li><a class=\"next page-numbers\" href=\"https:\/\/www.online-mixing.de\/en\/wp-json\/wp\/v2\/pages\/2175\/page\/2\/\"><span class=\"ticon ticon-angle-right\" aria-hidden=\"true\"><\/span><span class=\"screen-reader-text\">Next<\/span><\/a><\/li>\n<\/ul>\n<\/div><\/div>[\/vc_column][\/vc_row]\n","protected":false},"excerpt":{"rendered":"<p>[vc_row column_spacing=&#8221;0px&#8221;][vc_column][rev_slider_vc alias=&#8221;akustik&#8221;][\/vc_column][\/vc_row][vc_row full_width=&#8221;stretch_row&#8221;][vc_column][vc_empty_space height=&#8221;40px&#8221;][vc_column_text] STUDIO CONSTRUCTION [\/vc_column_text][vc_empty_space height=&#8221;10px&#8221;][vc_separator color=&#8221;custom&#8221; border_width=&#8221;5&#8243; el_width=&#8221;10&#8243; accent_color=&#8221;#f49e00&#8243;][vc_empty_space height=&#8221;30px&#8221;][vc_column_text]In studio acoustics the room measurements are used to define the specific problem frequencies (room modes) of the room. Then it&#8217;s common to try to control those frequencies. It&#8217;s simple: the smaller the room the more problems. The bigger the room the&hellip;<\/p>\n","protected":false},"author":1,"featured_media":0,"parent":0,"menu_order":0,"comment_status":"open","ping_status":"open","template":"","meta":{"footnotes":""},"translation":{"provider":"WPGlobus","version":"2.6.0","language":"en","enabled_languages":["de","en"],"languages":{"de":{"title":true,"content":true,"excerpt":false},"en":{"title":false,"content":true,"excerpt":false}}},"yoast_head":"<!-- This site is optimized with the Yoast SEO plugin v15.6.2 - https:\/\/yoast.com\/wordpress\/plugins\/seo\/ -->\n<title>Online Mixing &amp; Mastering zwischen Berlin und Leipzig | Studiobau<\/title>\n<meta name=\"robots\" content=\"index, follow, max-snippet:-1, max-image-preview:large, max-video-preview:-1\" \/>\n<link rel=\"canonical\" href=\"https:\/\/www.online-mixing.de\/studiobau\/\" \/>\n<meta property=\"og:locale\" content=\"en_US\" \/>\n<meta property=\"og:type\" content=\"article\" \/>\n<meta property=\"og:title\" content=\"Online Mixing &amp; Mastering zwischen Berlin und Leipzig | Studiobau\" \/>\n<meta property=\"og:description\" content=\"Die gr\u00f6\u00dfte Mastering-Regie in Europa. Das Studio wurde so gro\u00df gebaut, dass oberhalb von 30 Hz keinerlei Raummoden vorhanden sind.\" \/>\n<meta property=\"og:url\" content=\"https:\/\/www.online-mixing.de\/studiobau\/\" \/>\n<meta property=\"og:site_name\" content=\"Online Mixing\" \/>\n<meta property=\"article:modified_time\" content=\"2021-01-20T14:00:14+00:00\" \/>\n<meta name=\"twitter:card\" content=\"summary\" \/>\n<meta name=\"twitter:label1\" content=\"Est. reading time\">\n\t<meta name=\"twitter:data1\" content=\"2 minutes\">\n<script type=\"application\/ld+json\" class=\"yoast-schema-graph\">{\"@context\":\"https:\/\/schema.org\",\"@graph\":[{\"@type\":\"WebSite\",\"@id\":\"https:\/\/www.online-mixing.de\/#website\",\"url\":\"https:\/\/www.online-mixing.de\/\",\"name\":\"Online Mixing\",\"description\":\"The largest mastering control room in Europe\",\"potentialAction\":[{\"@type\":\"SearchAction\",\"target\":\"https:\/\/www.online-mixing.de\/?s={search_term_string}\",\"query-input\":\"required name=search_term_string\"}],\"inLanguage\":\"en-US\"},{\"@type\":\"WebPage\",\"@id\":\"https:\/\/www.online-mixing.de\/studiobau\/#webpage\",\"url\":\"https:\/\/www.online-mixing.de\/studiobau\/\",\"name\":\"Online Mixing & Mastering zwischen Berlin und Leipzig | Studiobau\",\"isPartOf\":{\"@id\":\"https:\/\/www.online-mixing.de\/#website\"},\"datePublished\":\"2016-11-02T08:53:11+00:00\",\"dateModified\":\"2021-01-20T14:00:14+00:00\",\"description\":\"Die gr\\u00f6\\u00dfte Mastering-Regie in Europa. Das Studio wurde so gro\\u00df gebaut, dass oberhalb von 30 Hz keinerlei Raummoden vorhanden sind.\",\"breadcrumb\":{\"@id\":\"https:\/\/www.online-mixing.de\/studiobau\/#breadcrumb\"},\"inLanguage\":\"en-US\",\"potentialAction\":[{\"@type\":\"ReadAction\",\"target\":[\"https:\/\/www.online-mixing.de\/studiobau\/\"]}]},{\"@type\":\"BreadcrumbList\",\"@id\":\"https:\/\/www.online-mixing.de\/studiobau\/#breadcrumb\",\"itemListElement\":[{\"@type\":\"ListItem\",\"position\":1,\"item\":{\"@type\":\"WebPage\",\"@id\":\"https:\/\/www.online-mixing.de\/\",\"url\":\"https:\/\/www.online-mixing.de\/\",\"name\":\"Home\"}},{\"@type\":\"ListItem\",\"position\":2,\"item\":{\"@type\":\"WebPage\",\"@id\":\"https:\/\/www.online-mixing.de\/studiobau\/\",\"url\":\"https:\/\/www.online-mixing.de\/studiobau\/\",\"name\":\"Studiobau\"}}]}]}<\/script>\n<!-- \/ Yoast SEO plugin. -->","_links":{"self":[{"href":"https:\/\/www.online-mixing.de\/en\/wp-json\/wp\/v2\/pages\/2175"}],"collection":[{"href":"https:\/\/www.online-mixing.de\/en\/wp-json\/wp\/v2\/pages"}],"about":[{"href":"https:\/\/www.online-mixing.de\/en\/wp-json\/wp\/v2\/types\/page"}],"author":[{"embeddable":true,"href":"https:\/\/www.online-mixing.de\/en\/wp-json\/wp\/v2\/users\/1"}],"replies":[{"embeddable":true,"href":"https:\/\/www.online-mixing.de\/en\/wp-json\/wp\/v2\/comments?post=2175"}],"version-history":[{"count":18,"href":"https:\/\/www.online-mixing.de\/en\/wp-json\/wp\/v2\/pages\/2175\/revisions"}],"predecessor-version":[{"id":2783,"href":"https:\/\/www.online-mixing.de\/en\/wp-json\/wp\/v2\/pages\/2175\/revisions\/2783"}],"wp:attachment":[{"href":"https:\/\/www.online-mixing.de\/en\/wp-json\/wp\/v2\/media?parent=2175"}],"curies":[{"name":"wp","href":"https:\/\/api.w.org\/{rel}","templated":true}]}}